{"id":538,"date":"2026-01-17T11:16:01","date_gmt":"2026-01-17T10:16:01","guid":{"rendered":"https:\/\/clumanc-patrimoine.com\/?page_id=538"},"modified":"2026-02-10T16:34:55","modified_gmt":"2026-02-10T15:34:55","slug":"theatre-a-clumanc-le-8-fevrier","status":"publish","type":"page","link":"https:\/\/clumanc-patrimoine.com\/?page_id=538","title":{"rendered":"Th\u00e9\u00e2tre \u00e0 Clumanc"},"content":{"rendered":"\n<figure class=\"wp-block-image size-large\"><img loading=\"lazy\" decoding=\"async\" width=\"724\" height=\"1024\" src=\"https:\/\/clumanc-patrimoine.com\/wp-content\/uploads\/2026\/01\/image-724x1024.png\" alt=\"\" class=\"wp-image-543\" srcset=\"https:\/\/clumanc-patrimoine.com\/wp-content\/uploads\/2026\/01\/image-724x1024.png 724w, https:\/\/clumanc-patrimoine.com\/wp-content\/uploads\/2026\/01\/image-212x300.png 212w, https:\/\/clumanc-patrimoine.com\/wp-content\/uploads\/2026\/01\/image-768x1086.png 768w, https:\/\/clumanc-patrimoine.com\/wp-content\/uploads\/2026\/01\/image-1086x1536.png 1086w, https:\/\/clumanc-patrimoine.com\/wp-content\/uploads\/2026\/01\/image.png 1240w\" sizes=\"auto, (max-width: 724px) 100vw, 724px\" \/><\/figure>\n\n\n\n<p><\/p>\n\n\n\n<figure class=\"wp-block-image size-large\"><img loading=\"lazy\" decoding=\"async\" width=\"728\" height=\"1024\" src=\"https:\/\/clumanc-patrimoine.com\/wp-content\/uploads\/2026\/01\/text-neu-728x1024.jpg\" alt=\"\" class=\"wp-image-546\" srcset=\"https:\/\/clumanc-patrimoine.com\/wp-content\/uploads\/2026\/01\/text-neu-728x1024.jpg 728w, https:\/\/clumanc-patrimoine.com\/wp-content\/uploads\/2026\/01\/text-neu-213x300.jpg 213w, https:\/\/clumanc-patrimoine.com\/wp-content\/uploads\/2026\/01\/text-neu-768x1080.jpg 768w, https:\/\/clumanc-patrimoine.com\/wp-content\/uploads\/2026\/01\/text-neu-1092x1536.jpg 1092w, https:\/\/clumanc-patrimoine.com\/wp-content\/uploads\/2026\/01\/text-neu-1456x2048.jpg 1456w, https:\/\/clumanc-patrimoine.com\/wp-content\/uploads\/2026\/01\/text-neu-scaled.jpg 1820w\" sizes=\"auto, (max-width: 728px) 100vw, 728px\" \/><\/figure>\n\n\n\n<p><\/p>\n\n\n\n<p><\/p>\n\n\n\n<p class=\"has-text-align-center\" style=\"font-size:clamp(0.875rem, 0.875rem + ((1vw - 0.2rem) * 0.708), 1.3rem);\"><strong>Les nombreux spectateurs ont pass\u00e9s une exellente soir\u00e9e !!!<\/strong><\/p>\n\n\n\n<figure class=\"wp-block-image size-large\"><img loading=\"lazy\" decoding=\"async\" width=\"1024\" height=\"768\" src=\"https:\/\/clumanc-patrimoine.com\/wp-content\/uploads\/2026\/02\/20260208_161302-1024x768.jpg\" alt=\"\" class=\"wp-image-549\" srcset=\"https:\/\/clumanc-patrimoine.com\/wp-content\/uploads\/2026\/02\/20260208_161302-1024x768.jpg 1024w, https:\/\/clumanc-patrimoine.com\/wp-content\/uploads\/2026\/02\/20260208_161302-300x225.jpg 300w, https:\/\/clumanc-patrimoine.com\/wp-content\/uploads\/2026\/02\/20260208_161302-768x576.jpg 768w, https:\/\/clumanc-patrimoine.com\/wp-content\/uploads\/2026\/02\/20260208_161302.jpg 1032w\" sizes=\"auto, (max-width: 1024px) 100vw, 1024px\" \/><\/figure>\n\n\n\n<figure class=\"wp-block-image size-large\"><img loading=\"lazy\" decoding=\"async\" width=\"768\" height=\"1024\" src=\"https:\/\/clumanc-patrimoine.com\/wp-content\/uploads\/2026\/02\/20260208_170156-768x1024.jpg\" alt=\"\" class=\"wp-image-550\" srcset=\"https:\/\/clumanc-patrimoine.com\/wp-content\/uploads\/2026\/02\/20260208_170156-768x1024.jpg 768w, https:\/\/clumanc-patrimoine.com\/wp-content\/uploads\/2026\/02\/20260208_170156-225x300.jpg 225w, https:\/\/clumanc-patrimoine.com\/wp-content\/uploads\/2026\/02\/20260208_170156.jpg 1032w\" sizes=\"auto, (max-width: 768px) 100vw, 768px\" \/><\/figure>\n","protected":false},"excerpt":{"rendered":"<p>Les nombreux spectateurs ont pass\u00e9s une exellente soir\u00e9e !!!<\/p>\n","protected":false},"author":1,"featured_media":0,"parent":0,"menu_order":0,"comment_status":"closed","ping_status":"closed","template":"","meta":{"footnotes":""},"class_list":["post-538","page","type-page","status-publish","hentry"],"_links":{"self":[{"href":"https:\/\/clumanc-patrimoine.com\/index.php?rest_route=\/wp\/v2\/pages\/538","targetHints":{"allow":["GET"]}}],"collection":[{"href":"https:\/\/clumanc-patrimoine.com\/index.php?rest_route=\/wp\/v2\/pages"}],"about":[{"href":"https:\/\/clumanc-patrimoine.com\/index.php?rest_route=\/wp\/v2\/types\/page"}],"author":[{"embeddable":true,"href":"https:\/\/clumanc-patrimoine.com\/index.php?rest_route=\/wp\/v2\/users\/1"}],"replies":[{"embeddable":true,"href":"https:\/\/clumanc-patrimoine.com\/index.php?rest_route=%2Fwp%2Fv2%2Fcomments&post=538"}],"version-history":[{"count":6,"href":"https:\/\/clumanc-patrimoine.com\/index.php?rest_route=\/wp\/v2\/pages\/538\/revisions"}],"predecessor-version":[{"id":553,"href":"https:\/\/clumanc-patrimoine.com\/index.php?rest_route=\/wp\/v2\/pages\/538\/revisions\/553"}],"wp:attachment":[{"href":"https:\/\/clumanc-patrimoine.com\/index.php?rest_route=%2Fwp%2Fv2%2Fmedia&parent=538"}],"curies":[{"name":"wp","href":"https:\/\/api.w.org\/{rel}","templated":true}]}}