{"id":467,"date":"2025-09-14T17:23:29","date_gmt":"2025-09-14T15:23:29","guid":{"rendered":"https:\/\/clumanc-patrimoine.com\/?page_id=467"},"modified":"2025-09-29T07:46:13","modified_gmt":"2025-09-29T05:46:13","slug":"le-patrimoine-bati","status":"publish","type":"page","link":"https:\/\/clumanc-patrimoine.com\/?page_id=467","title":{"rendered":"Le patrimoine b\u00e2ti"},"content":{"rendered":"\n<p><strong>La restauration de la chapelle St. Jean au Riou<\/strong><\/p>\n\n\n\n<figure class=\"wp-block-image size-large is-resized\"><img loading=\"lazy\" decoding=\"async\" width=\"724\" height=\"1024\" src=\"https:\/\/clumanc-patrimoine.com\/wp-content\/uploads\/2025\/09\/Le-Riou-etat-des-lieux-2025-724x1024.jpg\" alt=\"\" class=\"wp-image-470\" style=\"width:677px;height:auto\" srcset=\"https:\/\/clumanc-patrimoine.com\/wp-content\/uploads\/2025\/09\/Le-Riou-etat-des-lieux-2025-724x1024.jpg 724w, https:\/\/clumanc-patrimoine.com\/wp-content\/uploads\/2025\/09\/Le-Riou-etat-des-lieux-2025-212x300.jpg 212w, https:\/\/clumanc-patrimoine.com\/wp-content\/uploads\/2025\/09\/Le-Riou-etat-des-lieux-2025-768x1086.jpg 768w, https:\/\/clumanc-patrimoine.com\/wp-content\/uploads\/2025\/09\/Le-Riou-etat-des-lieux-2025-1086x1536.jpg 1086w, https:\/\/clumanc-patrimoine.com\/wp-content\/uploads\/2025\/09\/Le-Riou-etat-des-lieux-2025-1448x2048.jpg 1448w, https:\/\/clumanc-patrimoine.com\/wp-content\/uploads\/2025\/09\/Le-Riou-etat-des-lieux-2025-scaled.jpg 1811w\" sizes=\"auto, (max-width: 724px) 100vw, 724px\" \/><\/figure>\n\n\n\n<p><strong><u>Restauration de la chapelle du hameau du Riou<\/u><\/strong><\/p>\n\n\n\n<p>L\u2019Association pour la Sauvegarde et la Mise en Valeur du Patrimoine de Clumanc a inscrit cette ann\u00e9e dans son programme d\u2019activit\u00e9s la restauration int\u00e9rieure de la chapelle du hameau du Riou<\/p>\n\n\n\n<p><strong><u>Un peu d\u2019histoire<\/u><\/strong><\/p>\n\n\n\n<p>Lorsque l\u2019on arrive dans ce hameau de la commune, notre regard se pose naturellement sur la chapelle Saint Jean, situ\u00e9e \u00e0 l\u2019entr\u00e9e de celui-ci, en bordure imm\u00e9diate du ravin du Riou, chapelle qui se caract\u00e9rise par sa taille modeste et la simplicit\u00e9 de son architecture.<\/p>\n\n\n\n<p>A la voir ainsi, on a du mal \u00e0 imaginer qu\u2019en ce mois de septembre 2025, elle vient de \u00ab&nbsp;f\u00eater&nbsp;\u00bb ses 365 ans. En effet, la lecture des registres des visites pastorales de Jean SOANEN, Ev\u00eaque de Senez, nous apprend ceci \u00e0 propos de la chapelle Saint Jean du Rioul ( c\u2019est ainsi qu\u2019on appel\u00e9 autrefois parfois ce hameau ), il y est not\u00e9 en1667 que&nbsp;:<\/p>\n\n\n\n<p>\u00ab&nbsp;le recteur de la Chapelle St Jean situ\u00e9e au masage du Rioul, paroisse St Honnor\u00e9, a abandonn\u00e9 ladite chapelle et s\u2019est absent\u00e9 du dioc\u00e8se et m\u00eame de la province depuis pr\u00e8s de deux ans depuis lequel temps il n\u2019a \u00e9t\u00e9 fait aucun service en ladite chapelle qui par cet abandon et n\u00e9gligence tombe en ruine \u2026&nbsp;\u00bb puis en 1703<\/p>\n\n\n\n<p><em>\u00ab&nbsp;Quant \u00e0 la chapelle saint Jean baptiste nous avons justifi\u00e9 par les actes que la fondation est du<\/em><\/p>\n\n\n\n<p><em>9i\u00e8me septembre 1660 par ledit Giraud\u2026<\/em><\/p>\n\n\n\n<p><em>\u2026les charges sont jusqu\u2019aujourd\u2019hui de dire la messe les dimanches et f\u00eates, les mercredis et vendredis, d\u2019assister aux offices, de faire le cat\u00e9chisme dans l\u2019\u00e9glise et d\u2019\u00eatre r\u00e9gent des enfants dans le hameau \u2026<\/em><\/p>\n\n\n\n<p><em>\u2026Nous y avons trouv\u00e9\u2026 le sol o\u00f9 passer tr\u00e8s uni, mais souvent plein de deux pieds d\u2019eau, toute la chapelle tr\u00e8s mal plac\u00e9e contre le torrent \u2026, le toit assez bon, mais le mur de derri\u00e8re tout expos\u00e9 au torrent est fendu en deux endroits\u2026&nbsp;\u00bb<\/em><\/p>\n\n\n\n<p>Texte original d\u00e9pos\u00e9 AD04 Cote 2G17-18 corrig\u00e9 pour l\u2019orthographe et la ponctuation.<\/p>\n\n\n\n<p>Au vu de ce texte, et enfin d\u2019en savoir un peu plus sur l\u2019histoire de la chapelle Saint Jean, l\u2019Association du Patrimoine de Clumanc a fait r\u00e9cemment intervenir un arch\u00e9ologue et sa visite, particuli\u00e8rement int\u00e9ressante, fera l\u2019objet d\u2019un compte rendu que nous vous ferons partager prochainement.<\/p>\n\n\n\n<p><strong><u>La restauration de la chapelle<\/u><\/strong><\/p>\n\n\n\n<p>De prime abord on aurait pu imaginer commencer par la restauration ext\u00e9rieure de la chapelle, mais il est apparu plus urgent et n\u00e9cessaire de restaurer en priorit\u00e9 l\u2019int\u00e9rieur de celle-ci au regard de l\u2019\u00e9tat des murs,qui au fil des ans se sont d\u00e9grad\u00e9s, la proximit\u00e9 du torrent n\u2019\u00e9tant pas \u00e0 nouveau \u00e9trang\u00e8re \u00e0 la situation d\u2019aujourd\u2019hui.<\/p>\n\n\n\n<p>C\u2019est \u00e0 cela que l\u2019Association du Patrimoine travaille depuis le mois de juillet en partenariat avec la commune de Clumanc. ( Celle-ci r\u00e8gle le co\u00fbt des travaux et des mat\u00e9riaux. La moiti\u00e9 de ce co\u00fbt est financi\u00e8rement pris en charge par l\u2019association en compl\u00e9ment du travail qu\u2019elle effectue b\u00e9n\u00e9volement, avec parfois le soutien de l\u2019employ\u00e9 municipal )<\/p>\n\n\n\n<p>Au programme et dans l\u2019attente de la r\u00e9fection du plafond par l\u2019entreprise Chaspoul ont \u00e9t\u00e9 r\u00e9alis\u00e9s ou sont en cours de r\u00e9alisation les travaux suivants&nbsp;: d\u00e9croutage des murs et d\u00e9molitions du plafond, confortement<\/p>\n\n\n\n<p>des parties des murs les plus d\u00e9grad\u00e9es et reprises des enduits, mise en place d\u2019une installation \u00e9lectrique ( prises et \u00e9clairage ) avec pour objectif de terminer la r\u00e9fection int\u00e9rieure avant cet hiver hors huisserie, fen\u00eatre, et autre prestations et finitions dont la nature pr\u00e9cise sera arr\u00eat\u00e9e \u00e0 nouveau en concertation avec la commune.<\/p>\n\n\n\n<p>L\u2019int\u00e9r\u00eat port\u00e9 par les habitants du hameau \u00e0 ces travaux, le concours de certaines personnes pour participer aux journ\u00e9es de travail ou mettre \u00e0 disposition l\u2019\u00e9lectricit\u00e9 et l\u2019eau n\u00e9cessaires sont autant de satisfactions qu\u2019il convient de mettre en avant, dans l\u2019attente de l\u2019ach\u00e8vement de&nbsp; cette premi\u00e8re phase de restauration de la chapelle et des suites qui seront envisag\u00e9es.<\/p>\n\n\n\n<p>Septembre 2025<\/p>\n\n\n\n<figure class=\"wp-block-gallery has-nested-images columns-default is-cropped wp-block-gallery-1 is-layout-flex wp-block-gallery-is-layout-flex\">\n<figure class=\"wp-block-image size-large\"><img loading=\"lazy\" decoding=\"async\" width=\"684\" height=\"1024\" data-id=\"501\" src=\"https:\/\/clumanc-patrimoine.com\/wp-content\/uploads\/2025\/09\/Clumanc-chapelle-Riou-3.jpg\" alt=\"\" class=\"wp-image-501\" srcset=\"https:\/\/clumanc-patrimoine.com\/wp-content\/uploads\/2025\/09\/Clumanc-chapelle-Riou-3.jpg 684w, https:\/\/clumanc-patrimoine.com\/wp-content\/uploads\/2025\/09\/Clumanc-chapelle-Riou-3-200x300.jpg 200w\" sizes=\"auto, (max-width: 684px) 100vw, 684px\" \/><\/figure>\n\n\n\n<figure class=\"wp-block-image size-large\"><img loading=\"lazy\" decoding=\"async\" width=\"1024\" height=\"844\" data-id=\"502\" src=\"https:\/\/clumanc-patrimoine.com\/wp-content\/uploads\/2025\/09\/Clumanc-chapelle-Riou-2-1.jpg\" alt=\"\" class=\"wp-image-502\" srcset=\"https:\/\/clumanc-patrimoine.com\/wp-content\/uploads\/2025\/09\/Clumanc-chapelle-Riou-2-1.jpg 1024w, https:\/\/clumanc-patrimoine.com\/wp-content\/uploads\/2025\/09\/Clumanc-chapelle-Riou-2-1-300x247.jpg 300w, https:\/\/clumanc-patrimoine.com\/wp-content\/uploads\/2025\/09\/Clumanc-chapelle-Riou-2-1-768x633.jpg 768w\" sizes=\"auto, (max-width: 1024px) 100vw, 1024px\" \/><\/figure>\n\n\n\n<figure class=\"wp-block-image size-large\"><img loading=\"lazy\" decoding=\"async\" width=\"1024\" height=\"576\" data-id=\"503\" src=\"https:\/\/clumanc-patrimoine.com\/wp-content\/uploads\/2025\/09\/6-Enduit-mur-ouest.-28-aout-8-1756910678850-2-1024x576.jpg\" alt=\"\" class=\"wp-image-503\" srcset=\"https:\/\/clumanc-patrimoine.com\/wp-content\/uploads\/2025\/09\/6-Enduit-mur-ouest.-28-aout-8-1756910678850-2-1024x576.jpg 1024w, https:\/\/clumanc-patrimoine.com\/wp-content\/uploads\/2025\/09\/6-Enduit-mur-ouest.-28-aout-8-1756910678850-2-300x169.jpg 300w, https:\/\/clumanc-patrimoine.com\/wp-content\/uploads\/2025\/09\/6-Enduit-mur-ouest.-28-aout-8-1756910678850-2-768x432.jpg 768w, https:\/\/clumanc-patrimoine.com\/wp-content\/uploads\/2025\/09\/6-Enduit-mur-ouest.-28-aout-8-1756910678850-2-1536x864.jpg 1536w, https:\/\/clumanc-patrimoine.com\/wp-content\/uploads\/2025\/09\/6-Enduit-mur-ouest.-28-aout-8-1756910678850-2.jpg 2040w\" sizes=\"auto, (max-width: 1024px) 100vw, 1024px\" \/><\/figure>\n\n\n\n<figure class=\"wp-block-image size-large\"><img loading=\"lazy\" decoding=\"async\" width=\"1024\" height=\"683\" data-id=\"507\" src=\"https:\/\/clumanc-patrimoine.com\/wp-content\/uploads\/2025\/09\/6-Enduit-mur-est.-25-aout-5-1756910677700-1-1024x683.jpg\" alt=\"\" class=\"wp-image-507\" srcset=\"https:\/\/clumanc-patrimoine.com\/wp-content\/uploads\/2025\/09\/6-Enduit-mur-est.-25-aout-5-1756910677700-1-1024x683.jpg 1024w, https:\/\/clumanc-patrimoine.com\/wp-content\/uploads\/2025\/09\/6-Enduit-mur-est.-25-aout-5-1756910677700-1-300x200.jpg 300w, https:\/\/clumanc-patrimoine.com\/wp-content\/uploads\/2025\/09\/6-Enduit-mur-est.-25-aout-5-1756910677700-1-768x512.jpg 768w, https:\/\/clumanc-patrimoine.com\/wp-content\/uploads\/2025\/09\/6-Enduit-mur-est.-25-aout-5-1756910677700-1-1536x1024.jpg 1536w, https:\/\/clumanc-patrimoine.com\/wp-content\/uploads\/2025\/09\/6-Enduit-mur-est.-25-aout-5-1756910677700-1-2048x1365.jpg 2048w\" sizes=\"auto, (max-width: 1024px) 100vw, 1024px\" \/><\/figure>\n\n\n\n<figure class=\"wp-block-image size-large\"><img loading=\"lazy\" decoding=\"async\" width=\"1024\" height=\"683\" data-id=\"512\" src=\"https:\/\/clumanc-patrimoine.com\/wp-content\/uploads\/2025\/09\/5-Decroutage-25-aout-2-1756910676195-2-1024x683.jpg\" alt=\"\" class=\"wp-image-512\" srcset=\"https:\/\/clumanc-patrimoine.com\/wp-content\/uploads\/2025\/09\/5-Decroutage-25-aout-2-1756910676195-2-1024x683.jpg 1024w, https:\/\/clumanc-patrimoine.com\/wp-content\/uploads\/2025\/09\/5-Decroutage-25-aout-2-1756910676195-2-300x200.jpg 300w, https:\/\/clumanc-patrimoine.com\/wp-content\/uploads\/2025\/09\/5-Decroutage-25-aout-2-1756910676195-2-768x512.jpg 768w, https:\/\/clumanc-patrimoine.com\/wp-content\/uploads\/2025\/09\/5-Decroutage-25-aout-2-1756910676195-2-1536x1024.jpg 1536w, https:\/\/clumanc-patrimoine.com\/wp-content\/uploads\/2025\/09\/5-Decroutage-25-aout-2-1756910676195-2-2048x1365.jpg 2048w\" sizes=\"auto, (max-width: 1024px) 100vw, 1024px\" \/><\/figure>\n\n\n\n<figure class=\"wp-block-image size-large\"><img loading=\"lazy\" decoding=\"async\" width=\"683\" height=\"1024\" data-id=\"508\" src=\"https:\/\/clumanc-patrimoine.com\/wp-content\/uploads\/2025\/09\/4-Decroutage-18-juil-2-Demolition-plafond-2-1756910674862-1-683x1024.jpg\" alt=\"\" class=\"wp-image-508\" srcset=\"https:\/\/clumanc-patrimoine.com\/wp-content\/uploads\/2025\/09\/4-Decroutage-18-juil-2-Demolition-plafond-2-1756910674862-1-683x1024.jpg 683w, https:\/\/clumanc-patrimoine.com\/wp-content\/uploads\/2025\/09\/4-Decroutage-18-juil-2-Demolition-plafond-2-1756910674862-1-200x300.jpg 200w, https:\/\/clumanc-patrimoine.com\/wp-content\/uploads\/2025\/09\/4-Decroutage-18-juil-2-Demolition-plafond-2-1756910674862-1-768x1152.jpg 768w, https:\/\/clumanc-patrimoine.com\/wp-content\/uploads\/2025\/09\/4-Decroutage-18-juil-2-Demolition-plafond-2-1756910674862-1-1024x1536.jpg 1024w, https:\/\/clumanc-patrimoine.com\/wp-content\/uploads\/2025\/09\/4-Decroutage-18-juil-2-Demolition-plafond-2-1756910674862-1-1365x2048.jpg 1365w, https:\/\/clumanc-patrimoine.com\/wp-content\/uploads\/2025\/09\/4-Decroutage-18-juil-2-Demolition-plafond-2-1756910674862-1-scaled.jpg 1707w\" sizes=\"auto, (max-width: 683px) 100vw, 683px\" \/><\/figure>\n\n\n\n<figure class=\"wp-block-image size-large\"><img loading=\"lazy\" decoding=\"async\" width=\"1024\" height=\"683\" data-id=\"514\" src=\"https:\/\/clumanc-patrimoine.com\/wp-content\/uploads\/2025\/09\/4-Decroutage-18-juil-1-Demolition-plafond-1-1756910673224-2-1024x683.jpg\" alt=\"\" class=\"wp-image-514\" srcset=\"https:\/\/clumanc-patrimoine.com\/wp-content\/uploads\/2025\/09\/4-Decroutage-18-juil-1-Demolition-plafond-1-1756910673224-2-1024x683.jpg 1024w, https:\/\/clumanc-patrimoine.com\/wp-content\/uploads\/2025\/09\/4-Decroutage-18-juil-1-Demolition-plafond-1-1756910673224-2-300x200.jpg 300w, https:\/\/clumanc-patrimoine.com\/wp-content\/uploads\/2025\/09\/4-Decroutage-18-juil-1-Demolition-plafond-1-1756910673224-2-768x512.jpg 768w, https:\/\/clumanc-patrimoine.com\/wp-content\/uploads\/2025\/09\/4-Decroutage-18-juil-1-Demolition-plafond-1-1756910673224-2-1536x1024.jpg 1536w, https:\/\/clumanc-patrimoine.com\/wp-content\/uploads\/2025\/09\/4-Decroutage-18-juil-1-Demolition-plafond-1-1756910673224-2-2048x1365.jpg 2048w\" sizes=\"auto, (max-width: 1024px) 100vw, 1024px\" \/><\/figure>\n\n\n\n<figure class=\"wp-block-image size-large\"><img loading=\"lazy\" decoding=\"async\" width=\"1024\" height=\"683\" data-id=\"513\" src=\"https:\/\/clumanc-patrimoine.com\/wp-content\/uploads\/2025\/09\/1-Decroutage-2-juil-25-1-1756910668344-4-1024x683.jpg\" alt=\"\" class=\"wp-image-513\" srcset=\"https:\/\/clumanc-patrimoine.com\/wp-content\/uploads\/2025\/09\/1-Decroutage-2-juil-25-1-1756910668344-4-1024x683.jpg 1024w, https:\/\/clumanc-patrimoine.com\/wp-content\/uploads\/2025\/09\/1-Decroutage-2-juil-25-1-1756910668344-4-300x200.jpg 300w, https:\/\/clumanc-patrimoine.com\/wp-content\/uploads\/2025\/09\/1-Decroutage-2-juil-25-1-1756910668344-4-768x512.jpg 768w, https:\/\/clumanc-patrimoine.com\/wp-content\/uploads\/2025\/09\/1-Decroutage-2-juil-25-1-1756910668344-4-1536x1024.jpg 1536w, https:\/\/clumanc-patrimoine.com\/wp-content\/uploads\/2025\/09\/1-Decroutage-2-juil-25-1-1756910668344-4-2048x1365.jpg 2048w\" sizes=\"auto, (max-width: 1024px) 100vw, 1024px\" \/><\/figure>\n\n\n\n<figure class=\"wp-block-image size-large\"><img loading=\"lazy\" decoding=\"async\" width=\"1024\" height=\"683\" data-id=\"510\" src=\"https:\/\/clumanc-patrimoine.com\/wp-content\/uploads\/2025\/09\/3-Decroutage-9-juil-25-2.20-m-en-hauteur-1-f-1756910670859-2-1024x683.jpg\" alt=\"\" class=\"wp-image-510\" srcset=\"https:\/\/clumanc-patrimoine.com\/wp-content\/uploads\/2025\/09\/3-Decroutage-9-juil-25-2.20-m-en-hauteur-1-f-1756910670859-2-1024x683.jpg 1024w, https:\/\/clumanc-patrimoine.com\/wp-content\/uploads\/2025\/09\/3-Decroutage-9-juil-25-2.20-m-en-hauteur-1-f-1756910670859-2-300x200.jpg 300w, https:\/\/clumanc-patrimoine.com\/wp-content\/uploads\/2025\/09\/3-Decroutage-9-juil-25-2.20-m-en-hauteur-1-f-1756910670859-2-768x512.jpg 768w, https:\/\/clumanc-patrimoine.com\/wp-content\/uploads\/2025\/09\/3-Decroutage-9-juil-25-2.20-m-en-hauteur-1-f-1756910670859-2-1536x1024.jpg 1536w, https:\/\/clumanc-patrimoine.com\/wp-content\/uploads\/2025\/09\/3-Decroutage-9-juil-25-2.20-m-en-hauteur-1-f-1756910670859-2-2048x1365.jpg 2048w\" sizes=\"auto, (max-width: 1024px) 100vw, 1024px\" \/><\/figure>\n\n\n\n<figure class=\"wp-block-image size-large\"><img loading=\"lazy\" decoding=\"async\" width=\"1024\" height=\"683\" data-id=\"516\" src=\"https:\/\/clumanc-patrimoine.com\/wp-content\/uploads\/2025\/09\/3-Decroutage-9-juil-25-2.20-m-en-hauteur-1-f-1756910670859-3-1024x683.jpg\" alt=\"\" class=\"wp-image-516\" srcset=\"https:\/\/clumanc-patrimoine.com\/wp-content\/uploads\/2025\/09\/3-Decroutage-9-juil-25-2.20-m-en-hauteur-1-f-1756910670859-3-1024x683.jpg 1024w, https:\/\/clumanc-patrimoine.com\/wp-content\/uploads\/2025\/09\/3-Decroutage-9-juil-25-2.20-m-en-hauteur-1-f-1756910670859-3-300x200.jpg 300w, https:\/\/clumanc-patrimoine.com\/wp-content\/uploads\/2025\/09\/3-Decroutage-9-juil-25-2.20-m-en-hauteur-1-f-1756910670859-3-768x512.jpg 768w, https:\/\/clumanc-patrimoine.com\/wp-content\/uploads\/2025\/09\/3-Decroutage-9-juil-25-2.20-m-en-hauteur-1-f-1756910670859-3-1536x1024.jpg 1536w, https:\/\/clumanc-patrimoine.com\/wp-content\/uploads\/2025\/09\/3-Decroutage-9-juil-25-2.20-m-en-hauteur-1-f-1756910670859-3-2048x1365.jpg 2048w\" sizes=\"auto, (max-width: 1024px) 100vw, 1024px\" \/><\/figure>\n\n\n\n<figure class=\"wp-block-image size-large\"><img loading=\"lazy\" decoding=\"async\" width=\"1024\" height=\"683\" data-id=\"517\" src=\"https:\/\/clumanc-patrimoine.com\/wp-content\/uploads\/2025\/09\/3-Decroutage-9-juil-25-2.20-m-en-hauteur-3-f-1756910672088-2-1024x683.jpg\" alt=\"\" class=\"wp-image-517\" srcset=\"https:\/\/clumanc-patrimoine.com\/wp-content\/uploads\/2025\/09\/3-Decroutage-9-juil-25-2.20-m-en-hauteur-3-f-1756910672088-2-1024x683.jpg 1024w, https:\/\/clumanc-patrimoine.com\/wp-content\/uploads\/2025\/09\/3-Decroutage-9-juil-25-2.20-m-en-hauteur-3-f-1756910672088-2-300x200.jpg 300w, https:\/\/clumanc-patrimoine.com\/wp-content\/uploads\/2025\/09\/3-Decroutage-9-juil-25-2.20-m-en-hauteur-3-f-1756910672088-2-768x512.jpg 768w, https:\/\/clumanc-patrimoine.com\/wp-content\/uploads\/2025\/09\/3-Decroutage-9-juil-25-2.20-m-en-hauteur-3-f-1756910672088-2-1536x1024.jpg 1536w, https:\/\/clumanc-patrimoine.com\/wp-content\/uploads\/2025\/09\/3-Decroutage-9-juil-25-2.20-m-en-hauteur-3-f-1756910672088-2-2048x1365.jpg 2048w\" sizes=\"auto, (max-width: 1024px) 100vw, 1024px\" \/><\/figure>\n<\/figure>\n\n\n\n<figure class=\"wp-block-image size-large is-resized\"><img loading=\"lazy\" decoding=\"async\" width=\"724\" height=\"1024\" src=\"https:\/\/clumanc-patrimoine.com\/wp-content\/uploads\/2025\/09\/Chapelle-Saint-Jean-de-Clumanc-1-724x1024.jpg\" alt=\"\" class=\"wp-image-523\" style=\"width:663px;height:auto\" srcset=\"https:\/\/clumanc-patrimoine.com\/wp-content\/uploads\/2025\/09\/Chapelle-Saint-Jean-de-Clumanc-1-724x1024.jpg 724w, https:\/\/clumanc-patrimoine.com\/wp-content\/uploads\/2025\/09\/Chapelle-Saint-Jean-de-Clumanc-1-212x300.jpg 212w, https:\/\/clumanc-patrimoine.com\/wp-content\/uploads\/2025\/09\/Chapelle-Saint-Jean-de-Clumanc-1-768x1086.jpg 768w, https:\/\/clumanc-patrimoine.com\/wp-content\/uploads\/2025\/09\/Chapelle-Saint-Jean-de-Clumanc-1-1087x1536.jpg 1087w, https:\/\/clumanc-patrimoine.com\/wp-content\/uploads\/2025\/09\/Chapelle-Saint-Jean-de-Clumanc-1.jpg 1240w\" sizes=\"auto, (max-width: 724px) 100vw, 724px\" \/><\/figure>\n\n\n\n<figure class=\"wp-block-image size-large is-resized\"><img loading=\"lazy\" decoding=\"async\" width=\"724\" height=\"1024\" src=\"https:\/\/clumanc-patrimoine.com\/wp-content\/uploads\/2025\/09\/Chapelle-Saint-Jean-de-Clumanc-2-724x1024.jpg\" alt=\"\" class=\"wp-image-524\" style=\"width:664px;height:auto\" srcset=\"https:\/\/clumanc-patrimoine.com\/wp-content\/uploads\/2025\/09\/Chapelle-Saint-Jean-de-Clumanc-2-724x1024.jpg 724w, https:\/\/clumanc-patrimoine.com\/wp-content\/uploads\/2025\/09\/Chapelle-Saint-Jean-de-Clumanc-2-212x300.jpg 212w, https:\/\/clumanc-patrimoine.com\/wp-content\/uploads\/2025\/09\/Chapelle-Saint-Jean-de-Clumanc-2-768x1086.jpg 768w, https:\/\/clumanc-patrimoine.com\/wp-content\/uploads\/2025\/09\/Chapelle-Saint-Jean-de-Clumanc-2-1087x1536.jpg 1087w, https:\/\/clumanc-patrimoine.com\/wp-content\/uploads\/2025\/09\/Chapelle-Saint-Jean-de-Clumanc-2.jpg 1240w\" sizes=\"auto, (max-width: 724px) 100vw, 724px\" \/><\/figure>\n\n\n\n<figure class=\"wp-block-image size-large is-resized\"><img loading=\"lazy\" decoding=\"async\" width=\"724\" height=\"1024\" src=\"https:\/\/clumanc-patrimoine.com\/wp-content\/uploads\/2025\/09\/Chapelle-Saint-Jean-de-Clumanc-3-724x1024.jpg\" alt=\"\" class=\"wp-image-525\" style=\"width:663px;height:auto\" srcset=\"https:\/\/clumanc-patrimoine.com\/wp-content\/uploads\/2025\/09\/Chapelle-Saint-Jean-de-Clumanc-3-724x1024.jpg 724w, https:\/\/clumanc-patrimoine.com\/wp-content\/uploads\/2025\/09\/Chapelle-Saint-Jean-de-Clumanc-3-212x300.jpg 212w, https:\/\/clumanc-patrimoine.com\/wp-content\/uploads\/2025\/09\/Chapelle-Saint-Jean-de-Clumanc-3-768x1086.jpg 768w, https:\/\/clumanc-patrimoine.com\/wp-content\/uploads\/2025\/09\/Chapelle-Saint-Jean-de-Clumanc-3-1087x1536.jpg 1087w, https:\/\/clumanc-patrimoine.com\/wp-content\/uploads\/2025\/09\/Chapelle-Saint-Jean-de-Clumanc-3.jpg 1240w\" sizes=\"auto, (max-width: 724px) 100vw, 724px\" \/><\/figure>\n\n\n\n<figure class=\"wp-block-image size-large is-resized\"><img loading=\"lazy\" decoding=\"async\" width=\"724\" height=\"1024\" src=\"https:\/\/clumanc-patrimoine.com\/wp-content\/uploads\/2025\/09\/Chapelle-Saint-Jean-de-Clumanc-4-724x1024.jpg\" alt=\"\" class=\"wp-image-526\" style=\"width:663px;height:auto\" srcset=\"https:\/\/clumanc-patrimoine.com\/wp-content\/uploads\/2025\/09\/Chapelle-Saint-Jean-de-Clumanc-4-724x1024.jpg 724w, https:\/\/clumanc-patrimoine.com\/wp-content\/uploads\/2025\/09\/Chapelle-Saint-Jean-de-Clumanc-4-212x300.jpg 212w, https:\/\/clumanc-patrimoine.com\/wp-content\/uploads\/2025\/09\/Chapelle-Saint-Jean-de-Clumanc-4-768x1086.jpg 768w, https:\/\/clumanc-patrimoine.com\/wp-content\/uploads\/2025\/09\/Chapelle-Saint-Jean-de-Clumanc-4-1087x1536.jpg 1087w, https:\/\/clumanc-patrimoine.com\/wp-content\/uploads\/2025\/09\/Chapelle-Saint-Jean-de-Clumanc-4.jpg 1240w\" sizes=\"auto, (max-width: 724px) 100vw, 724px\" \/><\/figure>\n\n\n\n<figure class=\"wp-block-image size-large is-resized\"><img loading=\"lazy\" decoding=\"async\" width=\"724\" height=\"1024\" src=\"https:\/\/clumanc-patrimoine.com\/wp-content\/uploads\/2025\/09\/Chapelle-Saint-Jean-de-Clumanc-5-724x1024.jpg\" alt=\"\" class=\"wp-image-527\" style=\"width:665px;height:auto\" srcset=\"https:\/\/clumanc-patrimoine.com\/wp-content\/uploads\/2025\/09\/Chapelle-Saint-Jean-de-Clumanc-5-724x1024.jpg 724w, https:\/\/clumanc-patrimoine.com\/wp-content\/uploads\/2025\/09\/Chapelle-Saint-Jean-de-Clumanc-5-212x300.jpg 212w, https:\/\/clumanc-patrimoine.com\/wp-content\/uploads\/2025\/09\/Chapelle-Saint-Jean-de-Clumanc-5-768x1086.jpg 768w, https:\/\/clumanc-patrimoine.com\/wp-content\/uploads\/2025\/09\/Chapelle-Saint-Jean-de-Clumanc-5-1087x1536.jpg 1087w, https:\/\/clumanc-patrimoine.com\/wp-content\/uploads\/2025\/09\/Chapelle-Saint-Jean-de-Clumanc-5.jpg 1240w\" sizes=\"auto, (max-width: 724px) 100vw, 724px\" \/><\/figure>\n\n\n\n<figure class=\"wp-block-image size-large is-resized\"><img loading=\"lazy\" decoding=\"async\" width=\"724\" height=\"1024\" src=\"https:\/\/clumanc-patrimoine.com\/wp-content\/uploads\/2025\/09\/Chapelle-Saint-Jean-de-Clumanc-6-724x1024.jpg\" alt=\"\" class=\"wp-image-528\" style=\"width:665px;height:auto\" srcset=\"https:\/\/clumanc-patrimoine.com\/wp-content\/uploads\/2025\/09\/Chapelle-Saint-Jean-de-Clumanc-6-724x1024.jpg 724w, https:\/\/clumanc-patrimoine.com\/wp-content\/uploads\/2025\/09\/Chapelle-Saint-Jean-de-Clumanc-6-212x300.jpg 212w, https:\/\/clumanc-patrimoine.com\/wp-content\/uploads\/2025\/09\/Chapelle-Saint-Jean-de-Clumanc-6-768x1086.jpg 768w, https:\/\/clumanc-patrimoine.com\/wp-content\/uploads\/2025\/09\/Chapelle-Saint-Jean-de-Clumanc-6-1087x1536.jpg 1087w, https:\/\/clumanc-patrimoine.com\/wp-content\/uploads\/2025\/09\/Chapelle-Saint-Jean-de-Clumanc-6.jpg 1240w\" sizes=\"auto, (max-width: 724px) 100vw, 724px\" \/><\/figure>\n","protected":false},"excerpt":{"rendered":"<p>La restauration de la chapelle St. Jean au Riou Restauration de la chapelle du hameau du Riou L\u2019Association pour la Sauvegarde et la Mise en Valeur du Patrimoine de Clumanc a inscrit cette ann\u00e9e dans son programme d\u2019activit\u00e9s la restauration int\u00e9rieure de la chapelle du hameau du Riou Un peu d\u2019histoire Lorsque l\u2019on arrive dans [&hellip;]<\/p>\n","protected":false},"author":1,"featured_media":0,"parent":0,"menu_order":0,"comment_status":"closed","ping_status":"closed","template":"","meta":{"footnotes":""},"class_list":["post-467","page","type-page","status-publish","hentry"],"_links":{"self":[{"href":"https:\/\/clumanc-patrimoine.com\/index.php?rest_route=\/wp\/v2\/pages\/467","targetHints":{"allow":["GET"]}}],"collection":[{"href":"https:\/\/clumanc-patrimoine.com\/index.php?rest_route=\/wp\/v2\/pages"}],"about":[{"href":"https:\/\/clumanc-patrimoine.com\/index.php?rest_route=\/wp\/v2\/types\/page"}],"author":[{"embeddable":true,"href":"https:\/\/clumanc-patrimoine.com\/index.php?rest_route=\/wp\/v2\/users\/1"}],"replies":[{"embeddable":true,"href":"https:\/\/clumanc-patrimoine.com\/index.php?rest_route=%2Fwp%2Fv2%2Fcomments&post=467"}],"version-history":[{"count":7,"href":"https:\/\/clumanc-patrimoine.com\/index.php?rest_route=\/wp\/v2\/pages\/467\/revisions"}],"predecessor-version":[{"id":530,"href":"https:\/\/clumanc-patrimoine.com\/index.php?rest_route=\/wp\/v2\/pages\/467\/revisions\/530"}],"wp:attachment":[{"href":"https:\/\/clumanc-patrimoine.com\/index.php?rest_route=%2Fwp%2Fv2%2Fmedia&parent=467"}],"curies":[{"name":"wp","href":"https:\/\/api.w.org\/{rel}","templated":true}]}}