{"id":397,"date":"2025-06-19T07:10:38","date_gmt":"2025-06-19T05:10:38","guid":{"rendered":"https:\/\/clumanc-patrimoine.com\/?page_id=397"},"modified":"2025-07-09T15:40:56","modified_gmt":"2025-07-09T13:40:56","slug":"journees-du-patrimoine-de-pays-et-des-moulins-2025","status":"publish","type":"page","link":"https:\/\/clumanc-patrimoine.com\/?page_id=397","title":{"rendered":"Journ\u00e9es du Patrimoine de Pays et des Moulins 2025"},"content":{"rendered":"\n<figure class=\"wp-block-image size-large is-resized\"><img loading=\"lazy\" decoding=\"async\" width=\"1024\" height=\"724\" src=\"https:\/\/clumanc-patrimoine.com\/wp-content\/uploads\/2025\/06\/Flyer-Clumanc-4-volets-et-logos-1-1-1024x724.jpg\" alt=\"\" class=\"wp-image-398\" style=\"width:775px;height:auto\" srcset=\"https:\/\/clumanc-patrimoine.com\/wp-content\/uploads\/2025\/06\/Flyer-Clumanc-4-volets-et-logos-1-1-1024x724.jpg 1024w, https:\/\/clumanc-patrimoine.com\/wp-content\/uploads\/2025\/06\/Flyer-Clumanc-4-volets-et-logos-1-1-300x212.jpg 300w, https:\/\/clumanc-patrimoine.com\/wp-content\/uploads\/2025\/06\/Flyer-Clumanc-4-volets-et-logos-1-1-768x543.jpg 768w, https:\/\/clumanc-patrimoine.com\/wp-content\/uploads\/2025\/06\/Flyer-Clumanc-4-volets-et-logos-1-1-1536x1086.jpg 1536w, https:\/\/clumanc-patrimoine.com\/wp-content\/uploads\/2025\/06\/Flyer-Clumanc-4-volets-et-logos-1-1-2048x1448.jpg 2048w\" sizes=\"auto, (max-width: 1024px) 100vw, 1024px\" \/><\/figure>\n\n\n\n<figure class=\"wp-block-image size-large is-resized\"><img loading=\"lazy\" decoding=\"async\" width=\"1024\" height=\"724\" src=\"https:\/\/clumanc-patrimoine.com\/wp-content\/uploads\/2025\/06\/Flyer-Clumanc-4-volets-et-logos-1-2-1024x724.jpg\" alt=\"\" class=\"wp-image-399\" style=\"width:775px;height:auto\" srcset=\"https:\/\/clumanc-patrimoine.com\/wp-content\/uploads\/2025\/06\/Flyer-Clumanc-4-volets-et-logos-1-2-1024x724.jpg 1024w, https:\/\/clumanc-patrimoine.com\/wp-content\/uploads\/2025\/06\/Flyer-Clumanc-4-volets-et-logos-1-2-300x212.jpg 300w, https:\/\/clumanc-patrimoine.com\/wp-content\/uploads\/2025\/06\/Flyer-Clumanc-4-volets-et-logos-1-2-768x543.jpg 768w, https:\/\/clumanc-patrimoine.com\/wp-content\/uploads\/2025\/06\/Flyer-Clumanc-4-volets-et-logos-1-2-1536x1086.jpg 1536w, https:\/\/clumanc-patrimoine.com\/wp-content\/uploads\/2025\/06\/Flyer-Clumanc-4-volets-et-logos-1-2-2048x1448.jpg 2048w\" sizes=\"auto, (max-width: 1024px) 100vw, 1024px\" \/><\/figure>\n\n\n\n<p><\/p>\n\n\n\n<h2 class=\"wp-block-heading has-x-large-font-size\"><strong>La journ\u00e9e du Patrimoine de Pays et des Moulins 2025 \u00e0 Clumanc \u00e9tait un grand succ\u00e8s (voir les photos)<\/strong><\/h2>\n\n\n\n<p class=\"has-large-font-size\"><\/p>\n\n\n\n<div class=\"wp-block-media-text alignwide is-stacked-on-mobile\" style=\"grid-template-columns:69% auto\"><figure class=\"wp-block-media-text__media\"><img loading=\"lazy\" decoding=\"async\" width=\"1024\" height=\"768\" src=\"https:\/\/clumanc-patrimoine.com\/wp-content\/uploads\/2025\/07\/IMG-20250630-WA0003-1-1024x768.jpg\" alt=\"\" class=\"wp-image-410 size-full\" srcset=\"https:\/\/clumanc-patrimoine.com\/wp-content\/uploads\/2025\/07\/IMG-20250630-WA0003-1-1024x768.jpg 1024w, https:\/\/clumanc-patrimoine.com\/wp-content\/uploads\/2025\/07\/IMG-20250630-WA0003-1-300x225.jpg 300w, https:\/\/clumanc-patrimoine.com\/wp-content\/uploads\/2025\/07\/IMG-20250630-WA0003-1-768x576.jpg 768w, https:\/\/clumanc-patrimoine.com\/wp-content\/uploads\/2025\/07\/IMG-20250630-WA0003-1-1536x1152.jpg 1536w, https:\/\/clumanc-patrimoine.com\/wp-content\/uploads\/2025\/07\/IMG-20250630-WA0003-1.jpg 2048w\" sizes=\"auto, (max-width: 1024px) 100vw, 1024px\" \/><\/figure><div class=\"wp-block-media-text__content\">\n<p>Gilbert F\u00e9raud lors de sa conf\u00e9rence<\/p>\n\n\n\n<p>sur la g\u00e9ologie de notre r\u00e9gion<\/p>\n<\/div><\/div>\n\n\n\n<p><\/p>\n\n\n\n<div class=\"wp-block-media-text alignwide is-stacked-on-mobile\" style=\"grid-template-columns:69% auto\"><figure class=\"wp-block-media-text__media\"><img loading=\"lazy\" decoding=\"async\" width=\"1024\" height=\"768\" src=\"https:\/\/clumanc-patrimoine.com\/wp-content\/uploads\/2025\/07\/20250628_142808-1024x768.jpg\" alt=\"\" class=\"wp-image-412 size-full\" srcset=\"https:\/\/clumanc-patrimoine.com\/wp-content\/uploads\/2025\/07\/20250628_142808-1024x768.jpg 1024w, https:\/\/clumanc-patrimoine.com\/wp-content\/uploads\/2025\/07\/20250628_142808-300x225.jpg 300w, https:\/\/clumanc-patrimoine.com\/wp-content\/uploads\/2025\/07\/20250628_142808-768x576.jpg 768w, https:\/\/clumanc-patrimoine.com\/wp-content\/uploads\/2025\/07\/20250628_142808-1536x1152.jpg 1536w, https:\/\/clumanc-patrimoine.com\/wp-content\/uploads\/2025\/07\/20250628_142808-2048x1536.jpg 2048w\" sizes=\"auto, (max-width: 1024px) 100vw, 1024px\" \/><\/figure><div class=\"wp-block-media-text__content\">\n<p>Atelier terre avec Delphine Chaillan<\/p>\n<\/div><\/div>\n\n\n\n<div class=\"wp-block-media-text alignwide is-stacked-on-mobile\" style=\"grid-template-columns:69% auto\"><figure class=\"wp-block-media-text__media\"><img loading=\"lazy\" decoding=\"async\" width=\"1024\" height=\"768\" src=\"https:\/\/clumanc-patrimoine.com\/wp-content\/uploads\/2025\/07\/IMG-20250630-WA0013-1-1024x768.jpg\" alt=\"\" class=\"wp-image-413 size-full\" srcset=\"https:\/\/clumanc-patrimoine.com\/wp-content\/uploads\/2025\/07\/IMG-20250630-WA0013-1-1024x768.jpg 1024w, https:\/\/clumanc-patrimoine.com\/wp-content\/uploads\/2025\/07\/IMG-20250630-WA0013-1-300x225.jpg 300w, https:\/\/clumanc-patrimoine.com\/wp-content\/uploads\/2025\/07\/IMG-20250630-WA0013-1-768x576.jpg 768w, https:\/\/clumanc-patrimoine.com\/wp-content\/uploads\/2025\/07\/IMG-20250630-WA0013-1-1536x1152.jpg 1536w, https:\/\/clumanc-patrimoine.com\/wp-content\/uploads\/2025\/07\/IMG-20250630-WA0013-1.jpg 1600w\" sizes=\"auto, (max-width: 1024px) 100vw, 1024px\" \/><\/figure><div class=\"wp-block-media-text__content\">\n<p>la promenade g\u00e9ologique avec Myette Guiomar<\/p>\n<\/div><\/div>\n","protected":false},"excerpt":{"rendered":"<p>La journ\u00e9e du Patrimoine de Pays et des Moulins 2025 \u00e0 Clumanc \u00e9tait un grand succ\u00e8s (voir les photos) Gilbert F\u00e9raud lors de sa conf\u00e9rence sur la g\u00e9ologie de notre r\u00e9gion Atelier terre avec Delphine Chaillan la promenade g\u00e9ologique avec Myette Guiomar<\/p>\n","protected":false},"author":1,"featured_media":0,"parent":0,"menu_order":0,"comment_status":"closed","ping_status":"closed","template":"","meta":{"footnotes":""},"class_list":["post-397","page","type-page","status-publish","hentry"],"_links":{"self":[{"href":"https:\/\/clumanc-patrimoine.com\/index.php?rest_route=\/wp\/v2\/pages\/397","targetHints":{"allow":["GET"]}}],"collection":[{"href":"https:\/\/clumanc-patrimoine.com\/index.php?rest_route=\/wp\/v2\/pages"}],"about":[{"href":"https:\/\/clumanc-patrimoine.com\/index.php?rest_route=\/wp\/v2\/types\/page"}],"author":[{"embeddable":true,"href":"https:\/\/clumanc-patrimoine.com\/index.php?rest_route=\/wp\/v2\/users\/1"}],"replies":[{"embeddable":true,"href":"https:\/\/clumanc-patrimoine.com\/index.php?rest_route=%2Fwp%2Fv2%2Fcomments&post=397"}],"version-history":[{"count":4,"href":"https:\/\/clumanc-patrimoine.com\/index.php?rest_route=\/wp\/v2\/pages\/397\/revisions"}],"predecessor-version":[{"id":477,"href":"https:\/\/clumanc-patrimoine.com\/index.php?rest_route=\/wp\/v2\/pages\/397\/revisions\/477"}],"wp:attachment":[{"href":"https:\/\/clumanc-patrimoine.com\/index.php?rest_route=%2Fwp%2Fv2%2Fmedia&parent=397"}],"curies":[{"name":"wp","href":"https:\/\/api.w.org\/{rel}","templated":true}]}}